{"id":80,"date":"2021-08-12T16:55:52","date_gmt":"2021-08-12T16:55:52","guid":{"rendered":"https:\/\/spindrift.addviso-vt-prod-event-lamp01.dcsrv.eu\/?page_id=80"},"modified":"2021-08-12T16:55:52","modified_gmt":"2021-08-12T16:55:52","slug":"mentions-legales","status":"publish","type":"page","link":"https:\/\/www.sailsofchange.com\/fr\/mentions-legales\/","title":{"rendered":"Mentions l\u00e9gales"},"content":{"rendered":"\n<ol class=\"wp-block-list\"><li>INTRODUCTION<\/li><\/ol>\n\n\n\n<p>En acc\u00e9dant \u00e0 notre site Internet, vous \u00eates susceptible de nous fournir des donn\u00e9es telles qu\u2019entre autres : votre nom et pr\u00e9nom (personne physique), raison sociale (personne morale), adresse de r\u00e9sidence et de domicile ou encore votre adresse postale,ou de votre si\u00e8ge social, votre adresse e-mail, votre profession et statut professionnel (salari\u00e9 ou ind\u00e9pendant), votre fonction au sein de votre entreprise, votre \u00e2ge et sexe ainsi que l\u2019adresse IP \u00e0 partir de laquelle vous vous \u00eates connect\u00e9 \u00e0 internet.<\/p>\n\n\n\n<p>Or, ces donn\u00e9es et leur traitement sont prot\u00e9g\u00e9s par le nouveau R\u00e8glement G\u00e9n\u00e9ral sur la Protection des Donn\u00e9es de l\u2019Union europ\u00e9enne (ci-apr\u00e8s : \u00ab RGPD \u00bb) entr\u00e9 en vigueur le 25 mai 2018.<\/p>\n\n\n\n<p>La protection des donn\u00e9es est une pr\u00e9occupation essentielle pour nous. Cette d\u00e9claration de confidentialit\u00e9 a pour objectif de vous informer sur les donn\u00e9es que nous traitons et de vous aider \u00e0 comprendre l\u2019usage que nous pouvons faire de ces donn\u00e9es que vous nous fournissez volontairement en tant qu\u2019utilisateur de notre site ou lorsque vous communiquez avec nous de toute autre mani\u00e8re.<\/p>\n\n\n\n<ol class=\"wp-block-list\" start=\"2\"><li>BASES L\u00c9GALES<\/li><\/ol>\n\n\n\n<p>La pr\u00e9sente d\u00e9claration de confidentialit\u00e9 repose sur le RGPD.<\/p>\n\n\n\n<ol class=\"wp-block-list\" start=\"3\"><li>MISE A JOUR<\/li><\/ol>\n\n\n\n<p>Notre politique de confidentialit\u00e9 peut n\u00e9cessiter des mises \u00e0 jour p\u00e9riodiques, notamment dans le cadre de l\u2019\u00e9volution du cadre l\u00e9gal ou r\u00e9glementaire en mati\u00e8re de protection de donn\u00e9es. Nous vous invitons \u00e0 v\u00e9rifier cette page r\u00e9guli\u00e8rement pour vous assurer d\u2019avoir pris connaissance de la version la plus r\u00e9cente.<br>Derni\u00e8re mise \u00e0 jour : 31 Mars 2021<\/p>\n","protected":false},"excerpt":{"rendered":"<p>INTRODUCTION En acc\u00e9dant \u00e0 notre site Internet, vous \u00eates susceptible de nous fournir des donn\u00e9es telles qu\u2019entre autres : votre [&hellip;]<\/p>\n","protected":false},"author":5,"featured_media":0,"parent":0,"menu_order":0,"comment_status":"closed","ping_status":"closed","template":"","meta":{"_acf_changed":false,"footnotes":""},"class_list":["post-80","page","type-page","status-publish","hentry"],"acf":[],"_links":{"self":[{"href":"https:\/\/www.sailsofchange.com\/fr\/wp-json\/wp\/v2\/pages\/80","targetHints":{"allow":["GET"]}}],"collection":[{"href":"https:\/\/www.sailsofchange.com\/fr\/wp-json\/wp\/v2\/pages"}],"about":[{"href":"https:\/\/www.sailsofchange.com\/fr\/wp-json\/wp\/v2\/types\/page"}],"author":[{"embeddable":true,"href":"https:\/\/www.sailsofchange.com\/fr\/wp-json\/wp\/v2\/users\/5"}],"replies":[{"embeddable":true,"href":"https:\/\/www.sailsofchange.com\/fr\/wp-json\/wp\/v2\/comments?post=80"}],"version-history":[{"count":1,"href":"https:\/\/www.sailsofchange.com\/fr\/wp-json\/wp\/v2\/pages\/80\/revisions"}],"predecessor-version":[{"id":81,"href":"https:\/\/www.sailsofchange.com\/fr\/wp-json\/wp\/v2\/pages\/80\/revisions\/81"}],"wp:attachment":[{"href":"https:\/\/www.sailsofchange.com\/fr\/wp-json\/wp\/v2\/media?parent=80"}],"curies":[{"name":"wp","href":"https:\/\/api.w.org\/{rel}","templated":true}]}}